{"id":67,"date":"2026-02-02T12:48:56","date_gmt":"2026-02-02T11:48:56","guid":{"rendered":"https:\/\/dialmon.eu\/?page_id=67"},"modified":"2026-03-23T12:50:17","modified_gmt":"2026-03-23T11:50:17","slug":"dialmon","status":"publish","type":"page","link":"https:\/\/dialmon.eu\/","title":{"rendered":"Dialmon"},"content":{"rendered":"<p>Dialmon &#8211; nasza marka pochodzi od nazwy projektu kt\u00f3ry reklamowa\u0142 umiej\u0119tno\u015bci programistyczne w\u0142a\u015bciciela marki. By\u0142 to DialMon lub w pe\u0142nej nazwie DialLanMon czyli monitor aktywnych po\u0142\u0105cze\u0144 ADSL wraz z czasem trwania, aktualnym IP.<br \/>\nProgram ten rozwin\u0105 si\u0119 do programu monitoruj\u0105cego stan sieci w Windows XP wraz z aktywnymi portami i procesami. Niestety jego rozw\u00f3j zosta\u0142 wstrzymany po ograniczeniach API wprowadzonych w windows 7 oraz 8. Oraz na skutek wprowadzenia do winowsa &#8222;Resource Monitora&#8221; kt\u00f3ry posiada\u0142 wi\u0119kszo\u015b\u0107 mo\u017cliwo\u015bci DialMon ale bez ogranicze\u0144 API.<\/p>\n","protected":false},"excerpt":{"rendered":"<p>Dialmon &#8211; nasza marka pochodzi od nazwy projektu kt\u00f3ry reklamowa\u0142 umiej\u0119tno\u015bci programistyczne w\u0142a\u015bciciela marki. By\u0142 to DialMon lub w pe\u0142nej nazwie DialLanMon czyli monitor aktywnych po\u0142\u0105cze\u0144 ADSL wraz z czasem trwania, aktualnym IP. Program ten rozwin\u0105 si\u0119 do programu monitoruj\u0105cego stan sieci w Windows XP wraz z aktywnymi portami i procesami. Niestety jego rozw\u00f3j zosta\u0142 [&hellip;]<\/p>\n","protected":false},"author":1,"featured_media":0,"parent":0,"menu_order":0,"comment_status":"closed","ping_status":"closed","template":"","meta":{"footnotes":""},"class_list":["post-67","page","type-page","status-publish","hentry"],"_links":{"self":[{"href":"https:\/\/dialmon.eu\/index.php\/wp-json\/wp\/v2\/pages\/67","targetHints":{"allow":["GET"]}}],"collection":[{"href":"https:\/\/dialmon.eu\/index.php\/wp-json\/wp\/v2\/pages"}],"about":[{"href":"https:\/\/dialmon.eu\/index.php\/wp-json\/wp\/v2\/types\/page"}],"author":[{"embeddable":true,"href":"https:\/\/dialmon.eu\/index.php\/wp-json\/wp\/v2\/users\/1"}],"replies":[{"embeddable":true,"href":"https:\/\/dialmon.eu\/index.php\/wp-json\/wp\/v2\/comments?post=67"}],"version-history":[{"count":3,"href":"https:\/\/dialmon.eu\/index.php\/wp-json\/wp\/v2\/pages\/67\/revisions"}],"predecessor-version":[{"id":71,"href":"https:\/\/dialmon.eu\/index.php\/wp-json\/wp\/v2\/pages\/67\/revisions\/71"}],"wp:attachment":[{"href":"https:\/\/dialmon.eu\/index.php\/wp-json\/wp\/v2\/media?parent=67"}],"curies":[{"name":"wp","href":"https:\/\/api.w.org\/{rel}","templated":true}]}}